{"id":1974,"date":"2021-06-07T10:30:00","date_gmt":"2021-06-07T08:30:00","guid":{"rendered":"https:\/\/festivaldesforets.fr\/accueil\/"},"modified":"2021-06-07T10:30:00","modified_gmt":"2021-06-07T08:30:00","slug":"accueil","status":"publish","type":"page","link":"https:\/\/festivaldesforets.mdw.ovh\/en\/","title":{"rendered":"Accueil"},"content":{"rendered":"<p>content_page_accueil<\/p>\n","protected":false},"excerpt":{"rendered":"<p>content_page_accueil<\/p>\n","protected":false},"author":4,"featured_media":0,"parent":0,"menu_order":4,"comment_status":"closed","ping_status":"closed","template":"","meta":{"_acf_changed":false,"footnotes":""},"class_list":["post-1974","page","type-page","status-publish","hentry"],"acf":[],"yoast_head":"<!-- This site is optimized with the Yoast SEO plugin v20.13 - https:\/\/yoast.com\/wordpress\/plugins\/seo\/ -->\n<title>Festival des For\u00eats - festival de musique classique \u00e0 Compi\u00e8gne, Oise, Hauts de France<\/title>\n<meta name=\"description\" content=\"Le Festival des For\u00eats, festival de musique classique au c\u0153ur de la for\u00eat de Compi\u00e8gne, vous invite \u00e0 d\u00e9couvrir un patrimoine musical, naturel et architectural d&#039;exception. Bains de for\u00eat musicaux, concert-randonn\u00e9es, concerts pyrotechniques ou symphoniques au Th\u00e9\u00e2tre Imp\u00e9rial, dans le th\u00e9\u00e2tre de verdure de Saint-Pierre-en-Chastres, dans les ch\u00e2teaux et les plus belles \u00e9glises de la r\u00e9gion, le festival renouvelle les formes du concert.\" \/>\n<meta name=\"robots\" content=\"noindex, follow, max-snippet:-1, max-image-preview:large, max-video-preview:-1\" \/>\n<meta property=\"og:locale\" content=\"en_US\" \/>\n<meta property=\"og:type\" content=\"article\" \/>\n<meta property=\"og:title\" content=\"Festival des For\u00eats - festival de musique classique \u00e0 Compi\u00e8gne, Oise, Hauts de France\" \/>\n<meta property=\"og:description\" content=\"Le Festival des For\u00eats, festival de musique classique au c\u0153ur de la for\u00eat de Compi\u00e8gne, vous invite \u00e0 d\u00e9couvrir un patrimoine musical, naturel et architectural d&#039;exception. Bains de for\u00eat musicaux, concert-randonn\u00e9es, concerts pyrotechniques ou symphoniques au Th\u00e9\u00e2tre Imp\u00e9rial, dans le th\u00e9\u00e2tre de verdure de Saint-Pierre-en-Chastres, dans les ch\u00e2teaux et les plus belles \u00e9glises de la r\u00e9gion, le festival renouvelle les formes du concert.\" \/>\n<meta property=\"og:url\" content=\"https:\/\/festivaldesforets.mdw.ovh\/\" \/>\n<meta property=\"og:site_name\" content=\"Festival Des For\u00eats\" \/>\n<meta property=\"article:publisher\" content=\"https:\/\/www.facebook.com\/pages\/category\/Nonprofit-Organization\/Festival-des-For%c3%aats-Compi%c3%a8gne-387973626896\/\" \/>\n<meta property=\"og:image\" content=\"https:\/\/festivaldesforets.mdw.ovh\/app\/medias\/2020\/06\/festivaldesforets-og.jpg\" \/>\n\t<meta property=\"og:image:width\" content=\"1200\" \/>\n\t<meta property=\"og:image:height\" content=\"630\" \/>\n\t<meta property=\"og:image:type\" content=\"image\/jpeg\" \/>\n<meta name=\"twitter:card\" content=\"summary_large_image\" \/>\n<meta name=\"twitter:site\" content=\"@festivdesforets\" \/>\n<script type=\"application\/ld+json\" class=\"yoast-schema-graph\">{\"@context\":\"https:\/\/schema.org\",\"@graph\":[{\"@type\":\"WebPage\",\"@id\":\"https:\/\/festivaldesforets.mdw.ovh\/\",\"url\":\"https:\/\/festivaldesforets.mdw.ovh\/\",\"name\":\"Festival des For\u00eats - festival de musique classique \u00e0 Compi\u00e8gne, Oise, Hauts de France\",\"isPartOf\":{\"@id\":\"https:\/\/festivaldesforets.mdw.ovh\/#website\"},\"datePublished\":\"2021-06-07T08:30:00+00:00\",\"dateModified\":\"2021-06-07T08:30:00+00:00\",\"description\":\"Le Festival des For\u00eats, festival de musique classique au c\u0153ur de la for\u00eat de Compi\u00e8gne, vous invite \u00e0 d\u00e9couvrir un patrimoine musical, naturel et architectural d'exception. Bains de for\u00eat musicaux, concert-randonn\u00e9es, concerts pyrotechniques ou symphoniques au Th\u00e9\u00e2tre Imp\u00e9rial, dans le th\u00e9\u00e2tre de verdure de Saint-Pierre-en-Chastres, dans les ch\u00e2teaux et les plus belles \u00e9glises de la r\u00e9gion, le festival renouvelle les formes du concert.\",\"breadcrumb\":{\"@id\":\"https:\/\/festivaldesforets.mdw.ovh\/#breadcrumb\"},\"inLanguage\":\"en-US\",\"potentialAction\":[{\"@type\":\"ReadAction\",\"target\":[\"https:\/\/festivaldesforets.mdw.ovh\/\"]}]},{\"@type\":\"BreadcrumbList\",\"@id\":\"https:\/\/festivaldesforets.mdw.ovh\/#breadcrumb\",\"itemListElement\":[{\"@type\":\"ListItem\",\"position\":1,\"name\":\"Accueil\",\"item\":\"https:\/\/festivaldesforets.mdw.ovh\/\"},{\"@type\":\"ListItem\",\"position\":2,\"name\":\"Accueil\"}]},{\"@type\":\"WebSite\",\"@id\":\"https:\/\/festivaldesforets.mdw.ovh\/#website\",\"url\":\"https:\/\/festivaldesforets.mdw.ovh\/\",\"name\":\"Festival Des For\u00eats\",\"description\":\"\",\"publisher\":{\"@id\":\"https:\/\/festivaldesforets.mdw.ovh\/#organization\"},\"potentialAction\":[{\"@type\":\"SearchAction\",\"target\":{\"@type\":\"EntryPoint\",\"urlTemplate\":\"https:\/\/festivaldesforets.mdw.ovh\/?s={search_term_string}\"},\"query-input\":\"required name=search_term_string\"}],\"inLanguage\":\"en-US\"},{\"@type\":\"Organization\",\"@id\":\"https:\/\/festivaldesforets.mdw.ovh\/#organization\",\"name\":\"Festival Des For\u00eats\",\"url\":\"https:\/\/festivaldesforets.mdw.ovh\/\",\"logo\":{\"@type\":\"ImageObject\",\"inLanguage\":\"en-US\",\"@id\":\"https:\/\/festivaldesforets.mdw.ovh\/#\/schema\/logo\/image\/\",\"url\":\"https:\/\/festivaldesforets.fr\/app\/medias\/2020\/04\/favicon.png\",\"contentUrl\":\"https:\/\/festivaldesforets.fr\/app\/medias\/2020\/04\/favicon.png\",\"width\":400,\"height\":400,\"caption\":\"Festival Des For\u00eats\"},\"image\":{\"@id\":\"https:\/\/festivaldesforets.mdw.ovh\/#\/schema\/logo\/image\/\"},\"sameAs\":[\"https:\/\/www.facebook.com\/pages\/category\/Nonprofit-Organization\/Festival-des-For\u00eats-Compi\u00e8gne-387973626896\/\",\"https:\/\/twitter.com\/festivdesforets\"]}]}<\/script>\n<!-- \/ Yoast SEO plugin. -->","yoast_head_json":{"title":"Festival des For\u00eats - festival de musique classique \u00e0 Compi\u00e8gne, Oise, Hauts de France","description":"Le Festival des For\u00eats, festival de musique classique au c\u0153ur de la for\u00eat de Compi\u00e8gne, vous invite \u00e0 d\u00e9couvrir un patrimoine musical, naturel et architectural d'exception. Bains de for\u00eat musicaux, concert-randonn\u00e9es, concerts pyrotechniques ou symphoniques au Th\u00e9\u00e2tre Imp\u00e9rial, dans le th\u00e9\u00e2tre de verdure de Saint-Pierre-en-Chastres, dans les ch\u00e2teaux et les plus belles \u00e9glises de la r\u00e9gion, le festival renouvelle les formes du concert.","robots":{"index":"noindex","follow":"follow","max-snippet":"max-snippet:-1","max-image-preview":"max-image-preview:large","max-video-preview":"max-video-preview:-1"},"og_locale":"en_US","og_type":"article","og_title":"Festival des For\u00eats - festival de musique classique \u00e0 Compi\u00e8gne, Oise, Hauts de France","og_description":"Le Festival des For\u00eats, festival de musique classique au c\u0153ur de la for\u00eat de Compi\u00e8gne, vous invite \u00e0 d\u00e9couvrir un patrimoine musical, naturel et architectural d'exception. Bains de for\u00eat musicaux, concert-randonn\u00e9es, concerts pyrotechniques ou symphoniques au Th\u00e9\u00e2tre Imp\u00e9rial, dans le th\u00e9\u00e2tre de verdure de Saint-Pierre-en-Chastres, dans les ch\u00e2teaux et les plus belles \u00e9glises de la r\u00e9gion, le festival renouvelle les formes du concert.","og_url":"https:\/\/festivaldesforets.mdw.ovh\/","og_site_name":"Festival Des For\u00eats","article_publisher":"https:\/\/www.facebook.com\/pages\/category\/Nonprofit-Organization\/Festival-des-For%c3%aats-Compi%c3%a8gne-387973626896\/","og_image":[{"width":1200,"height":630,"url":"https:\/\/festivaldesforets.mdw.ovh\/app\/medias\/2020\/06\/festivaldesforets-og.jpg","type":"image\/jpeg"}],"twitter_card":"summary_large_image","twitter_site":"@festivdesforets","schema":{"@context":"https:\/\/schema.org","@graph":[{"@type":"WebPage","@id":"https:\/\/festivaldesforets.mdw.ovh\/","url":"https:\/\/festivaldesforets.mdw.ovh\/","name":"Festival des For\u00eats - festival de musique classique \u00e0 Compi\u00e8gne, Oise, Hauts de France","isPartOf":{"@id":"https:\/\/festivaldesforets.mdw.ovh\/#website"},"datePublished":"2021-06-07T08:30:00+00:00","dateModified":"2021-06-07T08:30:00+00:00","description":"Le Festival des For\u00eats, festival de musique classique au c\u0153ur de la for\u00eat de Compi\u00e8gne, vous invite \u00e0 d\u00e9couvrir un patrimoine musical, naturel et architectural d'exception. Bains de for\u00eat musicaux, concert-randonn\u00e9es, concerts pyrotechniques ou symphoniques au Th\u00e9\u00e2tre Imp\u00e9rial, dans le th\u00e9\u00e2tre de verdure de Saint-Pierre-en-Chastres, dans les ch\u00e2teaux et les plus belles \u00e9glises de la r\u00e9gion, le festival renouvelle les formes du concert.","breadcrumb":{"@id":"https:\/\/festivaldesforets.mdw.ovh\/#breadcrumb"},"inLanguage":"en-US","potentialAction":[{"@type":"ReadAction","target":["https:\/\/festivaldesforets.mdw.ovh\/"]}]},{"@type":"BreadcrumbList","@id":"https:\/\/festivaldesforets.mdw.ovh\/#breadcrumb","itemListElement":[{"@type":"ListItem","position":1,"name":"Accueil","item":"https:\/\/festivaldesforets.mdw.ovh\/"},{"@type":"ListItem","position":2,"name":"Accueil"}]},{"@type":"WebSite","@id":"https:\/\/festivaldesforets.mdw.ovh\/#website","url":"https:\/\/festivaldesforets.mdw.ovh\/","name":"Festival Des For\u00eats","description":"","publisher":{"@id":"https:\/\/festivaldesforets.mdw.ovh\/#organization"},"potentialAction":[{"@type":"SearchAction","target":{"@type":"EntryPoint","urlTemplate":"https:\/\/festivaldesforets.mdw.ovh\/?s={search_term_string}"},"query-input":"required name=search_term_string"}],"inLanguage":"en-US"},{"@type":"Organization","@id":"https:\/\/festivaldesforets.mdw.ovh\/#organization","name":"Festival Des For\u00eats","url":"https:\/\/festivaldesforets.mdw.ovh\/","logo":{"@type":"ImageObject","inLanguage":"en-US","@id":"https:\/\/festivaldesforets.mdw.ovh\/#\/schema\/logo\/image\/","url":"https:\/\/festivaldesforets.fr\/app\/medias\/2020\/04\/favicon.png","contentUrl":"https:\/\/festivaldesforets.fr\/app\/medias\/2020\/04\/favicon.png","width":400,"height":400,"caption":"Festival Des For\u00eats"},"image":{"@id":"https:\/\/festivaldesforets.mdw.ovh\/#\/schema\/logo\/image\/"},"sameAs":["https:\/\/www.facebook.com\/pages\/category\/Nonprofit-Organization\/Festival-des-For\u00eats-Compi\u00e8gne-387973626896\/","https:\/\/twitter.com\/festivdesforets"]}]}},"_links":{"self":[{"href":"https:\/\/festivaldesforets.mdw.ovh\/en\/wp-json\/wp\/v2\/pages\/1974","targetHints":{"allow":["GET"]}}],"collection":[{"href":"https:\/\/festivaldesforets.mdw.ovh\/en\/wp-json\/wp\/v2\/pages"}],"about":[{"href":"https:\/\/festivaldesforets.mdw.ovh\/en\/wp-json\/wp\/v2\/types\/page"}],"author":[{"embeddable":true,"href":"https:\/\/festivaldesforets.mdw.ovh\/en\/wp-json\/wp\/v2\/users\/4"}],"replies":[{"embeddable":true,"href":"https:\/\/festivaldesforets.mdw.ovh\/en\/wp-json\/wp\/v2\/comments?post=1974"}],"version-history":[{"count":0,"href":"https:\/\/festivaldesforets.mdw.ovh\/en\/wp-json\/wp\/v2\/pages\/1974\/revisions"}],"wp:attachment":[{"href":"https:\/\/festivaldesforets.mdw.ovh\/en\/wp-json\/wp\/v2\/media?parent=1974"}],"curies":[{"name":"wp","href":"https:\/\/api.w.org\/{rel}","templated":true}]}}