{"id":1975,"date":"2021-06-07T10:34:13","date_gmt":"2021-06-07T08:34:13","guid":{"rendered":"https:\/\/festivaldesforets.fr\/programme\/"},"modified":"2021-07-08T15:44:48","modified_gmt":"2021-07-08T13:44:48","slug":"programme","status":"publish","type":"page","link":"https:\/\/festivaldesforets.mdw.ovh\/en\/programme\/","title":{"rendered":"Programme"},"content":{"rendered":"\n<h2 class=\"wp-block-heading\">Un grand bol d&#8217;art !*<\/h2>\n\n\n\n<p><em> Unmissable summer event, the Festival des For\u00eats will offer from June 21 to July 15, 2021, an exceptional 29 <sup> e <\/sup> edition adapted to health constraints. <\/em><\/p>\n\n\n\n<p>Despite the current uncertainty and building on the success of 2020, the Festival des For\u00eats and its president and artistic director Bruno Ory-Lavoll\u00e9e, always on the lookout for new formats, will be proposing for the 29 <sup> th <\/sup> edition a particularly unique programming. <a href=\"https:\/\/festivaldesforets.fr\/app\/medias\/2021\/05\/Cliquer-pour-lire-le-texte-.pdf\"> Read the Editorial <\/a> <a href=\"https:\/\/festivaldesforets.fr\/app\/medias\/2021\/05\/Cliquer-pour-lire-le-texte-.pdf\" target=\" _ blank \" rel=\"noreferrer noopener\"> <\/a> <a href=\" https: \/\/festivaldesforets.fr\/app\/medias\/2021\/05\/Cliquer-pour-lire-le-texte-.pdf\">2021 <\/a><\/p>\n\n\n\n<p><strong> The theme of this edition <\/strong> <em> Auf dem Wasser zu singen <\/em> (<strong> <em> Singing on the water <\/em> <\/strong>) is inspired by &#8216;a famous song by Schubert, evokes the rivers &#8211; the Aisne and the Oise &#8211; and the ponds which characterize the landscapes of the forests of Compi\u00e8gne and Laigue and invites to the many musical translations of the aquatic world.<\/p>\n\n\n\n<p>With nineteen concerts and ten musical forest baths, this program will <strong> focus on the outdoors <\/strong> (the courtyard of the Ch\u00e2teau de Pierrefonds in particular) and will take over new places. It will nevertheless include a few concerts in emblematic closed places (such as the Imperial Theater of Compi\u00e8gne) in strict compliance with health standards.<\/p>\n\n\n\n<h2 class=\"wp-block-heading\">Festive concerts<\/h2>\n\n\n\n<p>Music is a party! Bolstered by this adage and always looking for new links between the public and the performers, the Festival des For\u00eats is moving away from the beaten track.<\/p>\n\n\n\n<ul class=\"wp-block-list\"><li>A <strong> musical walk <\/strong> with the musicians of the Open Chamber Orchestra will celebrate Mozart in the village of Pierrefonds, between the castle and the lake.<\/li><li>A <strong> concert on the water <\/strong> with the wind quintet, Le Concert Impromptu is planned in the bucolic setting of the Coucoo La R\u00e9serve eco-domain in Saint-L\u00e9ger-aux-Bois.<\/li><li>A large concert by the Center Region Harmony Orchestra conducted by Philippe Ferro will be offered with <strong> picnic and fireworks <\/strong> in the Brunerie park in Choisy-au-Bac.<\/li><\/ul>\n\n\n\n<ul class=\"wp-block-list\"><li>A <strong> humorous concert <\/strong> to a text by Jean-Pierre Coffe &#8220;The descent to pleasure&#8221; bringing together soprano Julie Cherrier, baritone Jean-Philippe Lafont, pianist Fr\u00e9d\u00e9ric Chaslin and an oenologist will celebrate <strong> the joys wine and intoxication <\/strong> in the newly inaugurated orangery of Saint-Pierre-en-Chastres.<\/li><\/ul>\n\n\n\n<p><em> * Article published on the Festival des For\u00eats: Un grand bol d\u00b4art <\/em>, Le Journal du Dimanche by Marie-Anne Kleiber<\/p>\n\n\n\n<h2 class=\"wp-block-heading\">Renowned performers<\/h2>\n\n\n\n<ul class=\"wp-block-list\"><li><strong> The Open Chamber Orchestra <\/strong>, a chamber orchestra founded in 2017 by the conductor and violinist <strong> Ya\u00efr Bena\u00efm <\/strong> is starting a collaboration with the Festival des For\u00eats this year. <br> It is with the pianist <strong> Dana Ciocarlie <\/strong> (with whom the Open Chamber Orchestra plans to play in the long term the complete <strong> Mozart piano concertos <\/strong>), that the orchestra, under the direction of Ya\u00efr Bana\u00efm, will offer two concerts this year (including one in the park of <strong> Ch\u00e2teau de Pierrefonds), <\/strong> each articulated around a Mozart piano concerto.<\/li><li><strong> The Orchester de Picardie <\/strong> under the direction of <strong> Arie van Beek <\/strong> will perform with <strong> Genevi\u00e8ve Laurenceau <\/strong> at the <strong> Th\u00e9\u00e2tre Imp\u00e9rial de Compi\u00e8gne <\/strong> a French music program, largely devoted to <strong> Saint-Sa\u00ebns <\/strong>, thus marking the centenary anniversary of the death of this composer.<\/li><li><strong> Aline Piboule <\/strong>, pianist and writer <strong> Pascal Quignard <\/strong>, Prix Goncourt 2002, will offer a recital-story that will combine extracts from <em> Bout\u00e8s or the desire to throw water <\/em>, translations of Apollonius of Rhodes and musical works from the classical repertoire (Ravel, Chopin, Faur\u00e9, Schubert, Messi\u00e6n).<\/li><li>In addition to a duo concert with <strong> Thierry Escaich <\/strong>, the young Albanian pianist, <strong> Marie-Ange Nguci, <\/strong> will offer a solo concert devoted to pieces of French music (Saint Sa\u00ebns, C\u00e9sar Franck, Escaich).<\/li><li>A remarkable duo also, that formed by the violinist <strong> Sarah Nemtanu <\/strong>, first violin of the National Orchestra of France, multiplying international distinctions, with the pianist <strong> Romain Descharmes <\/strong>, first Grand Prize of the Dublin International Competition in 2006.<\/li><\/ul>\n\n\n\n<h2 class=\"wp-block-heading\">R\u00e9sidence<\/h2>\n\n\n\n<p>Composer in residence, <strong> Thierry Escaich <\/strong> continues his companionship with the Festival des For\u00eats for the third consecutive year.<\/p>\n\n\n\n<ul class=\"wp-block-list\"><li>A world premiere by this composer will see the light of day at the Festival des For\u00eats in 2021: a work written for a horn quartet performed by <strong> the Argos Quartet, formed at the initiative of horn player Herv\u00e9 Joulain <\/strong>.<\/li><li>Thierry Escaich will continue to lead this year an <strong> academy of young composers <\/strong> and will perform on the organ one of his major works, <em> the Litanies of the shadow <\/em>, with the young Albanian pianist <strong> Marie-Ange Nguci <\/strong>, whose first disc <em> In mirror <\/em> received a Choc Classica and many echoes in the press.<\/li><\/ul>\n\n\n\n<h2 class=\"wp-block-heading\">Bains de for\u00eat musicaux<\/h2>\n\n\n\n<p>In addition to the concerts, the 29th <sup> e <\/sup> Festival of Forests will give pride of place to the <strong> Musical forest baths <\/strong> which perfectly embody the alchemy between music and nature on which the festival is founded, by offering a unique experience to recharge your batteries. <strong> <\/strong><\/p>\n\n\n\n<p>For this 29 <sup> th <\/sup> edition, <strong> 10 musical forest baths <\/strong> will be offered with the intervention of leading musicians, in particular the oboist <strong> Gabriel Pidoux <\/strong>, violist <strong> Adrien Boisseau <\/strong>, violinist <strong> Marie-Astrid Hulot <\/strong> and clarinetist <strong> R\u00e9mi Delangle. <\/strong><\/p>\n\n\n\n<p>These \u201cmusical forest baths\u201d combine the benefits of contact with nature (they take place in the woods), with music (a musician artist is present) and with oneself (thanks to resourcing exercises from sophrology , yoga or Qi-gong). They take the form of a three-hour immersion in the forest, which follows a specific protocol. The group consists of a maximum of twenty people, led by a mediator and accompanied by an artist musician.<\/p>\n\n\n\n<p>Inspired by the Japanese technique of <em> shinrin yoku <\/em> (literally, <em> forest bath <\/em>), a practice of immersion in the forest whose scientific studies have shown the many benefits for health, Musical forest baths were created by the Forest Festival two years ago.<\/p>\n\n\n\n<p>They are very popular with the public and are offered all year round to individuals and businesses.<\/p>\n\n\n\n<p><strong> <u> PRACTICAL INFORMATION <\/u> <\/strong><\/p>\n\n\n\n<p>TICKET OFFICE \/ DETAILED CONCERTS PROGRAM from May 5, 2021<\/p>\n\n\n\n<ul class=\"wp-block-list\"><li>Online at: <a href=\"http:\/\/www.festivaldesforets.fr\/\"> www.festivaldesforets.fr <\/a><\/li><li>By phone on 03 44 40 28 99<\/li><\/ul>\n\n\n\n<p>ACCESS<\/p>\n\n\n\n<ul class=\"wp-block-list\"><li><strong> By road <\/strong> <br> From Paris: A1 motorway, direction Lille (85 km)<\/li><li><strong> By train <\/strong> <br> 55 \u2019on average from Paris-Nord.<\/li><li><strong> On site <\/strong> <br> Free shuttles provided for each event outside Compi\u00e8gne<\/li><\/ul>\n\n\n\n<p><\/p>\n","protected":false},"excerpt":{"rendered":"<p>Un grand bol d&#8217;art !* Unmissable summer event, the Festival des For\u00eats will offer from June 21 to July 15, 2021, an exceptional 29 e edition adapted to health constraints. Despite the current uncertainty and building on the success of 2020, the Festival des For\u00eats and its president and artistic director Bruno Ory-Lavoll\u00e9e, always on<\/p>\n","protected":false},"author":3,"featured_media":0,"parent":0,"menu_order":14,"comment_status":"closed","ping_status":"closed","template":"views\/template-sidebar-right-boxed.blade.php","meta":{"_acf_changed":false,"footnotes":""},"class_list":["post-1975","page","type-page","status-publish","hentry"],"acf":[],"yoast_head":"<!-- This site is optimized with the Yoast SEO plugin v20.13 - https:\/\/yoast.com\/wordpress\/plugins\/seo\/ -->\n<title>Programme - Festival Des For\u00eats<\/title>\n<meta name=\"robots\" content=\"noindex, follow, max-snippet:-1, max-image-preview:large, max-video-preview:-1\" \/>\n<meta property=\"og:locale\" content=\"en_US\" \/>\n<meta property=\"og:type\" content=\"article\" \/>\n<meta property=\"og:title\" content=\"Programme - Festival Des For\u00eats\" \/>\n<meta property=\"og:description\" content=\"Un grand bol d&#8217;art !* Unmissable summer event, the Festival des For\u00eats will offer from June 21 to July 15, 2021, an exceptional 29 e edition adapted to health constraints. Despite the current uncertainty and building on the success of 2020, the Festival des For\u00eats and its president and artistic director Bruno Ory-Lavoll\u00e9e, always on\" \/>\n<meta property=\"og:url\" content=\"https:\/\/festivaldesforets.mdw.ovh\/en\/programme\/\" \/>\n<meta property=\"og:site_name\" content=\"Festival Des For\u00eats\" \/>\n<meta property=\"article:publisher\" content=\"https:\/\/www.facebook.com\/pages\/category\/Nonprofit-Organization\/Festival-des-For%c3%aats-Compi%c3%a8gne-387973626896\/\" \/>\n<meta property=\"article:modified_time\" content=\"2021-07-08T13:44:48+00:00\" \/>\n<meta property=\"og:image\" content=\"https:\/\/festivaldesforets.mdw.ovh\/app\/medias\/2020\/06\/festivaldesforets-og.jpg\" \/>\n\t<meta property=\"og:image:width\" content=\"1200\" \/>\n\t<meta property=\"og:image:height\" content=\"630\" \/>\n\t<meta property=\"og:image:type\" content=\"image\/jpeg\" \/>\n<meta name=\"twitter:card\" content=\"summary_large_image\" \/>\n<meta name=\"twitter:site\" content=\"@festivdesforets\" \/>\n<meta name=\"twitter:label1\" content=\"Est. reading time\" \/>\n\t<meta name=\"twitter:data1\" content=\"5 minutes\" \/>\n<script type=\"application\/ld+json\" class=\"yoast-schema-graph\">{\"@context\":\"https:\/\/schema.org\",\"@graph\":[{\"@type\":\"WebPage\",\"@id\":\"https:\/\/festivaldesforets.mdw.ovh\/en\/programme\/\",\"url\":\"https:\/\/festivaldesforets.mdw.ovh\/en\/programme\/\",\"name\":\"Programme - Festival Des For\u00eats\",\"isPartOf\":{\"@id\":\"https:\/\/festivaldesforets.mdw.ovh\/#website\"},\"datePublished\":\"2021-06-07T08:34:13+00:00\",\"dateModified\":\"2021-07-08T13:44:48+00:00\",\"breadcrumb\":{\"@id\":\"https:\/\/festivaldesforets.mdw.ovh\/en\/programme\/#breadcrumb\"},\"inLanguage\":\"en-US\",\"potentialAction\":[{\"@type\":\"ReadAction\",\"target\":[\"https:\/\/festivaldesforets.mdw.ovh\/en\/programme\/\"]}]},{\"@type\":\"BreadcrumbList\",\"@id\":\"https:\/\/festivaldesforets.mdw.ovh\/en\/programme\/#breadcrumb\",\"itemListElement\":[{\"@type\":\"ListItem\",\"position\":1,\"name\":\"Accueil\",\"item\":\"https:\/\/festivaldesforets.mdw.ovh\/\"},{\"@type\":\"ListItem\",\"position\":2,\"name\":\"Programme\"}]},{\"@type\":\"WebSite\",\"@id\":\"https:\/\/festivaldesforets.mdw.ovh\/#website\",\"url\":\"https:\/\/festivaldesforets.mdw.ovh\/\",\"name\":\"Festival Des For\u00eats\",\"description\":\"\",\"publisher\":{\"@id\":\"https:\/\/festivaldesforets.mdw.ovh\/#organization\"},\"potentialAction\":[{\"@type\":\"SearchAction\",\"target\":{\"@type\":\"EntryPoint\",\"urlTemplate\":\"https:\/\/festivaldesforets.mdw.ovh\/?s={search_term_string}\"},\"query-input\":\"required name=search_term_string\"}],\"inLanguage\":\"en-US\"},{\"@type\":\"Organization\",\"@id\":\"https:\/\/festivaldesforets.mdw.ovh\/#organization\",\"name\":\"Festival Des For\u00eats\",\"url\":\"https:\/\/festivaldesforets.mdw.ovh\/\",\"logo\":{\"@type\":\"ImageObject\",\"inLanguage\":\"en-US\",\"@id\":\"https:\/\/festivaldesforets.mdw.ovh\/#\/schema\/logo\/image\/\",\"url\":\"https:\/\/festivaldesforets.fr\/app\/medias\/2020\/04\/favicon.png\",\"contentUrl\":\"https:\/\/festivaldesforets.fr\/app\/medias\/2020\/04\/favicon.png\",\"width\":400,\"height\":400,\"caption\":\"Festival Des For\u00eats\"},\"image\":{\"@id\":\"https:\/\/festivaldesforets.mdw.ovh\/#\/schema\/logo\/image\/\"},\"sameAs\":[\"https:\/\/www.facebook.com\/pages\/category\/Nonprofit-Organization\/Festival-des-For\u00eats-Compi\u00e8gne-387973626896\/\",\"https:\/\/twitter.com\/festivdesforets\"]}]}<\/script>\n<!-- \/ Yoast SEO plugin. -->","yoast_head_json":{"title":"Programme - Festival Des For\u00eats","robots":{"index":"noindex","follow":"follow","max-snippet":"max-snippet:-1","max-image-preview":"max-image-preview:large","max-video-preview":"max-video-preview:-1"},"og_locale":"en_US","og_type":"article","og_title":"Programme - Festival Des For\u00eats","og_description":"Un grand bol d&#8217;art !* Unmissable summer event, the Festival des For\u00eats will offer from June 21 to July 15, 2021, an exceptional 29 e edition adapted to health constraints. Despite the current uncertainty and building on the success of 2020, the Festival des For\u00eats and its president and artistic director Bruno Ory-Lavoll\u00e9e, always on","og_url":"https:\/\/festivaldesforets.mdw.ovh\/en\/programme\/","og_site_name":"Festival Des For\u00eats","article_publisher":"https:\/\/www.facebook.com\/pages\/category\/Nonprofit-Organization\/Festival-des-For%c3%aats-Compi%c3%a8gne-387973626896\/","article_modified_time":"2021-07-08T13:44:48+00:00","og_image":[{"width":1200,"height":630,"url":"https:\/\/festivaldesforets.mdw.ovh\/app\/medias\/2020\/06\/festivaldesforets-og.jpg","type":"image\/jpeg"}],"twitter_card":"summary_large_image","twitter_site":"@festivdesforets","twitter_misc":{"Est. reading time":"5 minutes"},"schema":{"@context":"https:\/\/schema.org","@graph":[{"@type":"WebPage","@id":"https:\/\/festivaldesforets.mdw.ovh\/en\/programme\/","url":"https:\/\/festivaldesforets.mdw.ovh\/en\/programme\/","name":"Programme - Festival Des For\u00eats","isPartOf":{"@id":"https:\/\/festivaldesforets.mdw.ovh\/#website"},"datePublished":"2021-06-07T08:34:13+00:00","dateModified":"2021-07-08T13:44:48+00:00","breadcrumb":{"@id":"https:\/\/festivaldesforets.mdw.ovh\/en\/programme\/#breadcrumb"},"inLanguage":"en-US","potentialAction":[{"@type":"ReadAction","target":["https:\/\/festivaldesforets.mdw.ovh\/en\/programme\/"]}]},{"@type":"BreadcrumbList","@id":"https:\/\/festivaldesforets.mdw.ovh\/en\/programme\/#breadcrumb","itemListElement":[{"@type":"ListItem","position":1,"name":"Accueil","item":"https:\/\/festivaldesforets.mdw.ovh\/"},{"@type":"ListItem","position":2,"name":"Programme"}]},{"@type":"WebSite","@id":"https:\/\/festivaldesforets.mdw.ovh\/#website","url":"https:\/\/festivaldesforets.mdw.ovh\/","name":"Festival Des For\u00eats","description":"","publisher":{"@id":"https:\/\/festivaldesforets.mdw.ovh\/#organization"},"potentialAction":[{"@type":"SearchAction","target":{"@type":"EntryPoint","urlTemplate":"https:\/\/festivaldesforets.mdw.ovh\/?s={search_term_string}"},"query-input":"required name=search_term_string"}],"inLanguage":"en-US"},{"@type":"Organization","@id":"https:\/\/festivaldesforets.mdw.ovh\/#organization","name":"Festival Des For\u00eats","url":"https:\/\/festivaldesforets.mdw.ovh\/","logo":{"@type":"ImageObject","inLanguage":"en-US","@id":"https:\/\/festivaldesforets.mdw.ovh\/#\/schema\/logo\/image\/","url":"https:\/\/festivaldesforets.fr\/app\/medias\/2020\/04\/favicon.png","contentUrl":"https:\/\/festivaldesforets.fr\/app\/medias\/2020\/04\/favicon.png","width":400,"height":400,"caption":"Festival Des For\u00eats"},"image":{"@id":"https:\/\/festivaldesforets.mdw.ovh\/#\/schema\/logo\/image\/"},"sameAs":["https:\/\/www.facebook.com\/pages\/category\/Nonprofit-Organization\/Festival-des-For\u00eats-Compi\u00e8gne-387973626896\/","https:\/\/twitter.com\/festivdesforets"]}]}},"_links":{"self":[{"href":"https:\/\/festivaldesforets.mdw.ovh\/en\/wp-json\/wp\/v2\/pages\/1975","targetHints":{"allow":["GET"]}}],"collection":[{"href":"https:\/\/festivaldesforets.mdw.ovh\/en\/wp-json\/wp\/v2\/pages"}],"about":[{"href":"https:\/\/festivaldesforets.mdw.ovh\/en\/wp-json\/wp\/v2\/types\/page"}],"author":[{"embeddable":true,"href":"https:\/\/festivaldesforets.mdw.ovh\/en\/wp-json\/wp\/v2\/users\/3"}],"replies":[{"embeddable":true,"href":"https:\/\/festivaldesforets.mdw.ovh\/en\/wp-json\/wp\/v2\/comments?post=1975"}],"version-history":[{"count":7,"href":"https:\/\/festivaldesforets.mdw.ovh\/en\/wp-json\/wp\/v2\/pages\/1975\/revisions"}],"predecessor-version":[{"id":2641,"href":"https:\/\/festivaldesforets.mdw.ovh\/en\/wp-json\/wp\/v2\/pages\/1975\/revisions\/2641"}],"wp:attachment":[{"href":"https:\/\/festivaldesforets.mdw.ovh\/en\/wp-json\/wp\/v2\/media?parent=1975"}],"curies":[{"name":"wp","href":"https:\/\/api.w.org\/{rel}","templated":true}]}}