{"id":2511,"date":"2021-06-24T14:20:55","date_gmt":"2021-06-24T12:20:55","guid":{"rendered":"https:\/\/festivaldesforets.fr\/devenez-acteur-du-festival-des-forets\/"},"modified":"2021-06-24T14:24:24","modified_gmt":"2021-06-24T12:24:24","slug":"become-an-actor-of-the-forest-festival","status":"publish","type":"page","link":"https:\/\/festivaldesforets.mdw.ovh\/en\/become-an-actor-of-the-forest-festival\/","title":{"rendered":"BECOME AN ACTOR OF THE FOREST FESTIVAL"},"content":{"rendered":"\n<div style=\"height:50px\" aria-hidden=\"true\" class=\"wp-block-spacer\"><\/div>\n\n\n\n<p>Take part in the artistic life of your region and in a solidarity project for music education by becoming a member or sponsor of the Festival des For\u00eats.<\/p>\n\n\n\n<p>Madam, Sir, dear Friends,<\/p>\n\n\n\n<p>Faced with the health crisis, the Festival des For\u00eats has chosen to maintain its 28th edition, by adapting its program and the form of events, so that the voices of artists and composers continue to resonate, this essential part of the life of the city that is living music. This choice forces us to face many constraints, obstacles and risks.<\/p>\n\n\n\n<p>This is why the Festival des For\u00eats needs your membership more than ever: an association relies on its<br>members, who elect its board of directors; contributions represent an essential recipe for her, while her financial situation is strained; finally, the number and enthusiasm of the members help to convince public and private<br>partners to finance our projects.<\/p>\n\n\n\n<p>Support the Festival des For\u00eats for:<\/p>\n\n\n\n<ul class=\"wp-block-list\"><li>give birth to quality artistic projects;<\/li><li>make classical and contemporary music accessible to all through concerts in original forms: concerts and hikes, video-mapping, forest baths music, family concerts\u2026<\/li><li>contribute to the influence and tourism development of its territory by promoting the natural and architectural heritage;<\/li><li>continue the process of integrating disabled people in schools.<\/li><\/ul>\n\n\n\n<p>Looking forward to meeting you at the next Forest Festival, we ask you to receive, Madam, Sir, dear Friends, our best and most sincere greetings.<\/p>\n\n\n\n<div class=\"wpcf7 no-js\" id=\"wpcf7-f1883-o1\" lang=\"fr-FR\" dir=\"ltr\">\n<div class=\"screen-reader-response\"><p role=\"status\" aria-live=\"polite\" aria-atomic=\"true\"><\/p> <ul><\/ul><\/div>\n<form action=\"\/en\/wp-json\/wp\/v2\/pages\/2511#wpcf7-f1883-o1\" method=\"post\" class=\"wpcf7-form init\" aria-label=\"Formulaire de contact\" novalidate=\"novalidate\" data-status=\"init\">\n<div style=\"display: none;\">\n<input type=\"hidden\" name=\"_wpcf7\" value=\"1883\" \/>\n<input type=\"hidden\" name=\"_wpcf7_version\" value=\"5.9.8\" \/>\n<input type=\"hidden\" name=\"_wpcf7_locale\" value=\"fr_FR\" \/>\n<input type=\"hidden\" name=\"_wpcf7_unit_tag\" value=\"wpcf7-f1883-o1\" \/>\n<input type=\"hidden\" name=\"_wpcf7_container_post\" value=\"0\" \/>\n<input type=\"hidden\" name=\"_wpcf7_posted_data_hash\" value=\"\" \/>\n<input type=\"hidden\" name=\"_wpcf7_recaptcha_response\" value=\"\" \/>\n<\/div>\n<div class=\"row mt-5 mb-5\">\n\t<div class=\"col-12\">\n\t\t<p><label> L'ADHESION<\/label><br \/>\n<span class=\"wpcf7-form-control-wrap\" data-name=\"TypedeCotisation\"><span class=\"wpcf7-form-control wpcf7-radio\"><span class=\"wpcf7-list-item first\"><label><input type=\"radio\" name=\"TypedeCotisation\" value=\"Cotisation - 25 ans : 10 \u20ac*\" checked=\"checked\" \/><span class=\"wpcf7-list-item-label\">Cotisation - 25 ans : 10 \u20ac*<\/span><\/label><\/span><span class=\"wpcf7-list-item\"><label><input type=\"radio\" name=\"TypedeCotisation\" value=\"Cotisation individuelle : 25 \u20ac*\" \/><span class=\"wpcf7-list-item-label\">Cotisation individuelle : 25 \u20ac*<\/span><\/label><\/span><span class=\"wpcf7-list-item last\"><label><input type=\"radio\" name=\"TypedeCotisation\" value=\"Cotisation couple : 38 \u20ac*\" \/><span class=\"wpcf7-list-item-label\">Cotisation couple : 38 \u20ac*<\/span><\/label><\/span><\/span><\/span><br \/>\nVotre adh\u00e9sion vous permettra de participer aux d\u00e9cisions de l\u2019assembl\u00e9e g\u00e9n\u00e9rale, d\u2019\u00eatre inform\u00e9 r\u00e9guli\u00e8rement de la vie et des projets de l\u2019Association et de b\u00e9n\u00e9ficier de tarifs r\u00e9duits pour nos concerts.\n\t\t<\/p>\n\t<\/div>\n<\/div>\n<div class=\"row mb-5\">\n\t<div class=\"col-12\">\n\t\t<p><label> LE DON<\/label><br \/>\n<span class=\"wpcf7-form-control-wrap\" data-name=\"TypedeCotisation\"><span class=\"wpcf7-form-control wpcf7-radio\"><span class=\"wpcf7-list-item first last\"><label><input type=\"radio\" name=\"TypedeCotisation\" value=\"Adh\u00e9rent Bienfaiteur : \u00e0 partir de 150 \u20ac*\" \/><span class=\"wpcf7-list-item-label\">Adh\u00e9rent Bienfaiteur : \u00e0 partir de 150 \u20ac*<\/span><\/label><\/span><\/span><\/span><br \/>\nLe titre de bienfaiteur vous donne droit en compl\u00e9ment \u00e0 une invitation pour deux au concert de votre choix.\n\t\t<\/p>\n\t<\/div>\n<\/div>\n<div class=\"row mb-5\">\n\t<div class=\"col-12\">\n\t\t<p><label> LE MECENAT<\/label><br \/>\n<span class=\"wpcf7-form-control-wrap\" data-name=\"TypedeCotisation\"><span class=\"wpcf7-form-control wpcf7-radio\"><span class=\"wpcf7-list-item first last\"><label><input type=\"radio\" name=\"TypedeCotisation\" value=\"Adh\u00e9rent M\u00e9c\u00e8ne : \u00e0 partir de 300 \u20ac*\" \/><span class=\"wpcf7-list-item-label\">Adh\u00e9rent M\u00e9c\u00e8ne : \u00e0 partir de 300 \u20ac*<\/span><\/label><\/span><\/span><\/span><br \/>\nLe titre de m\u00e9c\u00e8ne vous donne droit en compl\u00e9ment \u00e0 quatre invitations pendant le Festival.\n\t\t<\/p>\n\t<\/div>\n<\/div>\n<p>* Les avantages de la r\u00e9duction fiscale : 66% du montant de votre cotisation ou de votre don est d\u00e9ductible de<br \/>\nvotre imp\u00f4t sur le revenu. Un don de 300 \u20ac ne co\u00fbte r\u00e9ellement que 102 \u20ac. D\u00e8s r\u00e9ception de votre cotisation,<br \/>\nnous vous adresserons le re\u00e7u fiscal correspondant.\n<\/p>\n<p><label> Nom*<br \/>\n<span class=\"wpcf7-form-control-wrap\" data-name=\"nom\"><input size=\"40\" maxlength=\"400\" class=\"wpcf7-form-control wpcf7-text wpcf7-validates-as-required\" aria-required=\"true\" aria-invalid=\"false\" value=\"\" type=\"text\" name=\"nom\" \/><\/span> <\/label>\n<\/p>\n<p><label> Pr\u00e9nom*<br \/>\n<span class=\"wpcf7-form-control-wrap\" data-name=\"prenom\"><input size=\"40\" maxlength=\"400\" class=\"wpcf7-form-control wpcf7-text wpcf7-validates-as-required\" aria-required=\"true\" aria-invalid=\"false\" value=\"\" type=\"text\" name=\"prenom\" \/><\/span> <\/label>\n<\/p>\n<p><label> Adresse*<br \/>\n<span class=\"wpcf7-form-control-wrap\" data-name=\"adresse\"><input size=\"40\" maxlength=\"400\" class=\"wpcf7-form-control wpcf7-text wpcf7-validates-as-required\" aria-required=\"true\" aria-invalid=\"false\" value=\"\" type=\"text\" name=\"adresse\" \/><\/span> <\/label>\n<\/p>\n<div class=\"row\">\n\t<div class=\"col-12 col-md-6\">\n\t\t<p><label> Code postal*<br \/>\n<span class=\"wpcf7-form-control-wrap\" data-name=\"code_postal\"><input size=\"40\" maxlength=\"400\" class=\"wpcf7-form-control wpcf7-text wpcf7-validates-as-required\" aria-required=\"true\" aria-invalid=\"false\" value=\"\" type=\"text\" name=\"code_postal\" \/><\/span> <\/label>\n\t\t<\/p>\n\t<\/div>\n\t<div class=\"col-12 col-md-6\">\n\t\t<p><label> Ville*<br \/>\n<span class=\"wpcf7-form-control-wrap\" data-name=\"ville\"><input size=\"40\" maxlength=\"400\" class=\"wpcf7-form-control wpcf7-text wpcf7-validates-as-required\" aria-required=\"true\" aria-invalid=\"false\" value=\"\" type=\"text\" name=\"ville\" \/><\/span> <\/label>\n\t\t<\/p>\n\t<\/div>\n<\/div>\n<div class=\"row\">\n\t<div class=\"col-12 col-md-6\">\n\t\t<p><label> T\u00e9l\u00e9phone<br \/>\n<span class=\"wpcf7-form-control-wrap\" data-name=\"telephone\"><input size=\"40\" maxlength=\"400\" class=\"wpcf7-form-control wpcf7-tel wpcf7-text wpcf7-validates-as-tel\" aria-invalid=\"false\" value=\"\" type=\"tel\" name=\"telephone\" \/><\/span> <\/label>\n\t\t<\/p>\n\t<\/div>\n\t<div class=\"col-12 col-md-6\">\n\t\t<p><label> Portable<br \/>\n<span class=\"wpcf7-form-control-wrap\" data-name=\"portable\"><input size=\"40\" maxlength=\"400\" class=\"wpcf7-form-control wpcf7-tel wpcf7-text wpcf7-validates-as-tel\" aria-invalid=\"false\" value=\"\" type=\"tel\" name=\"portable\" \/><\/span> <\/label>\n\t\t<\/p>\n\t<\/div>\n<\/div>\n<div class=\"row\">\n\t<div class=\"col-12 col-md-6\">\n\t\t<p><label> e-mail*<br \/>\n<span class=\"wpcf7-form-control-wrap\" data-name=\"email\"><input size=\"40\" maxlength=\"400\" class=\"wpcf7-form-control wpcf7-email wpcf7-validates-as-required wpcf7-text wpcf7-validates-as-email\" aria-required=\"true\" aria-invalid=\"false\" value=\"\" type=\"email\" name=\"email\" \/><\/span> <\/label>\n\t\t<\/p>\n\t<\/div>\n\t<div class=\"col-12 col-md-6\">\n\t\t<p><label> Montant de votre soutien*<br \/>\n<span class=\"wpcf7-form-control-wrap\" data-name=\"montant_soutien\"><input class=\"wpcf7-form-control wpcf7-number wpcf7-validates-as-required wpcf7-validates-as-number\" min=\"0\" aria-required=\"true\" aria-invalid=\"false\" value=\"\" type=\"number\" name=\"montant_soutien\" \/><\/span><\/label>\n\t\t<\/p>\n\t<\/div>\n<\/div>\n<div style=\"text-align: center;\">\n\t<p><input class=\"wpcf7-form-control wpcf7-submit has-spinner mt-3\" type=\"submit\" value=\"Adh\u00e9rer\" \/>\n\t<\/p>\n<\/div><div class=\"wpcf7-response-output\" aria-hidden=\"true\"><\/div>\n<\/form>\n<\/div>\n\n","protected":false},"excerpt":{"rendered":"<p>Take part in the artistic life of your region and in a solidarity project for music education by becoming a member or sponsor of the Festival des For\u00eats. Madam, Sir, dear Friends, Faced with the health crisis, the Festival des For\u00eats has chosen to maintain its 28th edition, by adapting its program and the form<\/p>\n","protected":false},"author":4,"featured_media":0,"parent":0,"menu_order":0,"comment_status":"closed","ping_status":"closed","template":"","meta":{"_acf_changed":false,"footnotes":""},"class_list":["post-2511","page","type-page","status-publish","hentry"],"acf":[],"yoast_head":"<!-- This site is optimized with the Yoast SEO plugin v20.13 - https:\/\/yoast.com\/wordpress\/plugins\/seo\/ -->\n<title>BECOME AN ACTOR OF THE FOREST FESTIVAL - Festival Des For\u00eats<\/title>\n<meta name=\"robots\" content=\"noindex, follow, max-snippet:-1, max-image-preview:large, max-video-preview:-1\" \/>\n<meta property=\"og:locale\" content=\"en_US\" \/>\n<meta property=\"og:type\" content=\"article\" \/>\n<meta property=\"og:title\" content=\"BECOME AN ACTOR OF THE FOREST FESTIVAL - Festival Des For\u00eats\" \/>\n<meta property=\"og:description\" content=\"Take part in the artistic life of your region and in a solidarity project for music education by becoming a member or sponsor of the Festival des For\u00eats. Madam, Sir, dear Friends, Faced with the health crisis, the Festival des For\u00eats has chosen to maintain its 28th edition, by adapting its program and the form\" \/>\n<meta property=\"og:url\" content=\"https:\/\/festivaldesforets.mdw.ovh\/en\/become-an-actor-of-the-forest-festival\/\" \/>\n<meta property=\"og:site_name\" content=\"Festival Des For\u00eats\" \/>\n<meta property=\"article:publisher\" content=\"https:\/\/www.facebook.com\/pages\/category\/Nonprofit-Organization\/Festival-des-For%c3%aats-Compi%c3%a8gne-387973626896\/\" \/>\n<meta property=\"article:modified_time\" content=\"2021-06-24T12:24:24+00:00\" \/>\n<meta property=\"og:image\" content=\"https:\/\/festivaldesforets.mdw.ovh\/app\/medias\/2020\/06\/festivaldesforets-og.jpg\" \/>\n\t<meta property=\"og:image:width\" content=\"1200\" \/>\n\t<meta property=\"og:image:height\" content=\"630\" \/>\n\t<meta property=\"og:image:type\" content=\"image\/jpeg\" \/>\n<meta name=\"twitter:card\" content=\"summary_large_image\" \/>\n<meta name=\"twitter:site\" content=\"@festivdesforets\" \/>\n<meta name=\"twitter:label1\" content=\"Est. reading time\" \/>\n\t<meta name=\"twitter:data1\" content=\"2 minutes\" \/>\n<script type=\"application\/ld+json\" class=\"yoast-schema-graph\">{\"@context\":\"https:\/\/schema.org\",\"@graph\":[{\"@type\":\"WebPage\",\"@id\":\"https:\/\/festivaldesforets.mdw.ovh\/en\/become-an-actor-of-the-forest-festival\/\",\"url\":\"https:\/\/festivaldesforets.mdw.ovh\/en\/become-an-actor-of-the-forest-festival\/\",\"name\":\"BECOME AN ACTOR OF THE FOREST FESTIVAL - Festival Des For\u00eats\",\"isPartOf\":{\"@id\":\"https:\/\/festivaldesforets.mdw.ovh\/#website\"},\"datePublished\":\"2021-06-24T12:20:55+00:00\",\"dateModified\":\"2021-06-24T12:24:24+00:00\",\"breadcrumb\":{\"@id\":\"https:\/\/festivaldesforets.mdw.ovh\/en\/become-an-actor-of-the-forest-festival\/#breadcrumb\"},\"inLanguage\":\"en-US\",\"potentialAction\":[{\"@type\":\"ReadAction\",\"target\":[\"https:\/\/festivaldesforets.mdw.ovh\/en\/become-an-actor-of-the-forest-festival\/\"]}]},{\"@type\":\"BreadcrumbList\",\"@id\":\"https:\/\/festivaldesforets.mdw.ovh\/en\/become-an-actor-of-the-forest-festival\/#breadcrumb\",\"itemListElement\":[{\"@type\":\"ListItem\",\"position\":1,\"name\":\"Accueil\",\"item\":\"https:\/\/festivaldesforets.mdw.ovh\/\"},{\"@type\":\"ListItem\",\"position\":2,\"name\":\"BECOME AN ACTOR OF THE FOREST FESTIVAL\"}]},{\"@type\":\"WebSite\",\"@id\":\"https:\/\/festivaldesforets.mdw.ovh\/#website\",\"url\":\"https:\/\/festivaldesforets.mdw.ovh\/\",\"name\":\"Festival Des For\u00eats\",\"description\":\"\",\"publisher\":{\"@id\":\"https:\/\/festivaldesforets.mdw.ovh\/#organization\"},\"potentialAction\":[{\"@type\":\"SearchAction\",\"target\":{\"@type\":\"EntryPoint\",\"urlTemplate\":\"https:\/\/festivaldesforets.mdw.ovh\/?s={search_term_string}\"},\"query-input\":\"required name=search_term_string\"}],\"inLanguage\":\"en-US\"},{\"@type\":\"Organization\",\"@id\":\"https:\/\/festivaldesforets.mdw.ovh\/#organization\",\"name\":\"Festival Des For\u00eats\",\"url\":\"https:\/\/festivaldesforets.mdw.ovh\/\",\"logo\":{\"@type\":\"ImageObject\",\"inLanguage\":\"en-US\",\"@id\":\"https:\/\/festivaldesforets.mdw.ovh\/#\/schema\/logo\/image\/\",\"url\":\"https:\/\/festivaldesforets.fr\/app\/medias\/2020\/04\/favicon.png\",\"contentUrl\":\"https:\/\/festivaldesforets.fr\/app\/medias\/2020\/04\/favicon.png\",\"width\":400,\"height\":400,\"caption\":\"Festival Des For\u00eats\"},\"image\":{\"@id\":\"https:\/\/festivaldesforets.mdw.ovh\/#\/schema\/logo\/image\/\"},\"sameAs\":[\"https:\/\/www.facebook.com\/pages\/category\/Nonprofit-Organization\/Festival-des-For\u00eats-Compi\u00e8gne-387973626896\/\",\"https:\/\/twitter.com\/festivdesforets\"]}]}<\/script>\n<!-- \/ Yoast SEO plugin. -->","yoast_head_json":{"title":"BECOME AN ACTOR OF THE FOREST FESTIVAL - Festival Des For\u00eats","robots":{"index":"noindex","follow":"follow","max-snippet":"max-snippet:-1","max-image-preview":"max-image-preview:large","max-video-preview":"max-video-preview:-1"},"og_locale":"en_US","og_type":"article","og_title":"BECOME AN ACTOR OF THE FOREST FESTIVAL - Festival Des For\u00eats","og_description":"Take part in the artistic life of your region and in a solidarity project for music education by becoming a member or sponsor of the Festival des For\u00eats. Madam, Sir, dear Friends, Faced with the health crisis, the Festival des For\u00eats has chosen to maintain its 28th edition, by adapting its program and the form","og_url":"https:\/\/festivaldesforets.mdw.ovh\/en\/become-an-actor-of-the-forest-festival\/","og_site_name":"Festival Des For\u00eats","article_publisher":"https:\/\/www.facebook.com\/pages\/category\/Nonprofit-Organization\/Festival-des-For%c3%aats-Compi%c3%a8gne-387973626896\/","article_modified_time":"2021-06-24T12:24:24+00:00","og_image":[{"width":1200,"height":630,"url":"https:\/\/festivaldesforets.mdw.ovh\/app\/medias\/2020\/06\/festivaldesforets-og.jpg","type":"image\/jpeg"}],"twitter_card":"summary_large_image","twitter_site":"@festivdesforets","twitter_misc":{"Est. reading time":"2 minutes"},"schema":{"@context":"https:\/\/schema.org","@graph":[{"@type":"WebPage","@id":"https:\/\/festivaldesforets.mdw.ovh\/en\/become-an-actor-of-the-forest-festival\/","url":"https:\/\/festivaldesforets.mdw.ovh\/en\/become-an-actor-of-the-forest-festival\/","name":"BECOME AN ACTOR OF THE FOREST FESTIVAL - Festival Des For\u00eats","isPartOf":{"@id":"https:\/\/festivaldesforets.mdw.ovh\/#website"},"datePublished":"2021-06-24T12:20:55+00:00","dateModified":"2021-06-24T12:24:24+00:00","breadcrumb":{"@id":"https:\/\/festivaldesforets.mdw.ovh\/en\/become-an-actor-of-the-forest-festival\/#breadcrumb"},"inLanguage":"en-US","potentialAction":[{"@type":"ReadAction","target":["https:\/\/festivaldesforets.mdw.ovh\/en\/become-an-actor-of-the-forest-festival\/"]}]},{"@type":"BreadcrumbList","@id":"https:\/\/festivaldesforets.mdw.ovh\/en\/become-an-actor-of-the-forest-festival\/#breadcrumb","itemListElement":[{"@type":"ListItem","position":1,"name":"Accueil","item":"https:\/\/festivaldesforets.mdw.ovh\/"},{"@type":"ListItem","position":2,"name":"BECOME AN ACTOR OF THE FOREST FESTIVAL"}]},{"@type":"WebSite","@id":"https:\/\/festivaldesforets.mdw.ovh\/#website","url":"https:\/\/festivaldesforets.mdw.ovh\/","name":"Festival Des For\u00eats","description":"","publisher":{"@id":"https:\/\/festivaldesforets.mdw.ovh\/#organization"},"potentialAction":[{"@type":"SearchAction","target":{"@type":"EntryPoint","urlTemplate":"https:\/\/festivaldesforets.mdw.ovh\/?s={search_term_string}"},"query-input":"required name=search_term_string"}],"inLanguage":"en-US"},{"@type":"Organization","@id":"https:\/\/festivaldesforets.mdw.ovh\/#organization","name":"Festival Des For\u00eats","url":"https:\/\/festivaldesforets.mdw.ovh\/","logo":{"@type":"ImageObject","inLanguage":"en-US","@id":"https:\/\/festivaldesforets.mdw.ovh\/#\/schema\/logo\/image\/","url":"https:\/\/festivaldesforets.fr\/app\/medias\/2020\/04\/favicon.png","contentUrl":"https:\/\/festivaldesforets.fr\/app\/medias\/2020\/04\/favicon.png","width":400,"height":400,"caption":"Festival Des For\u00eats"},"image":{"@id":"https:\/\/festivaldesforets.mdw.ovh\/#\/schema\/logo\/image\/"},"sameAs":["https:\/\/www.facebook.com\/pages\/category\/Nonprofit-Organization\/Festival-des-For\u00eats-Compi\u00e8gne-387973626896\/","https:\/\/twitter.com\/festivdesforets"]}]}},"_links":{"self":[{"href":"https:\/\/festivaldesforets.mdw.ovh\/en\/wp-json\/wp\/v2\/pages\/2511","targetHints":{"allow":["GET"]}}],"collection":[{"href":"https:\/\/festivaldesforets.mdw.ovh\/en\/wp-json\/wp\/v2\/pages"}],"about":[{"href":"https:\/\/festivaldesforets.mdw.ovh\/en\/wp-json\/wp\/v2\/types\/page"}],"author":[{"embeddable":true,"href":"https:\/\/festivaldesforets.mdw.ovh\/en\/wp-json\/wp\/v2\/users\/4"}],"replies":[{"embeddable":true,"href":"https:\/\/festivaldesforets.mdw.ovh\/en\/wp-json\/wp\/v2\/comments?post=2511"}],"version-history":[{"count":6,"href":"https:\/\/festivaldesforets.mdw.ovh\/en\/wp-json\/wp\/v2\/pages\/2511\/revisions"}],"predecessor-version":[{"id":2518,"href":"https:\/\/festivaldesforets.mdw.ovh\/en\/wp-json\/wp\/v2\/pages\/2511\/revisions\/2518"}],"wp:attachment":[{"href":"https:\/\/festivaldesforets.mdw.ovh\/en\/wp-json\/wp\/v2\/media?parent=2511"}],"curies":[{"name":"wp","href":"https:\/\/api.w.org\/{rel}","templated":true}]}}